{"id":354,"date":"2016-02-16T16:14:15","date_gmt":"2016-02-16T15:14:15","guid":{"rendered":"http:\/\/fanahistorielag.no\/wordpress\/?page_id=354"},"modified":"2016-02-16T17:23:55","modified_gmt":"2016-02-16T16:23:55","slug":"vedtekter","status":"publish","type":"page","link":"http:\/\/fanahistorielag.no\/wordpress\/?page_id=354","title":{"rendered":"Vedtekter"},"content":{"rendered":"<h4><strong>Vedtekter for Fana Historielag &#8211;\u00a0<\/strong><strong>Org.nr. 976 358 929<\/strong><\/h4>\n<p><!--more--><\/p>\n<p><strong>\u00a71. NAVN<\/strong><\/p>\n<p>Lagets navn er Fana Historielag<\/p>\n<p><strong>\u00a72. FORM\u00c5L<\/strong><\/p>\n<p>Fana Historielag er et partipolitisk n\u00f8ytralt lag som skal fremme\u00a0interesse for og kunnskap om historie, tradisjon og kulturminner i omr\u00e5det som var Fana\u00a0Herad frem til 1955.<\/p>\n<p>Laget skal:<\/p>\n<p>&#8211; Samle, arkivere og verne materiale som kan ha historisk interesse, og bidra til \u00e5 gj\u00f8re\u00a0dette tilgjengelig for allmennheten.<\/p>\n<p>&#8211; Arbeide for \u00e5 verne kulturminner i gamle Fana Herad<\/p>\n<p>&#8211; Fremme interesse for lokal historie.<\/p>\n<p>&#8211; Arrangere m\u00f8ter, turer og kurs.<\/p>\n<p>&#8211; Ha kontakt og samarbeide med andre lag og organisasjoner, forskningsinstitusjoner og\u00a0offentlige forvaltningsorgan i saker som sammenfaller med lagets form\u00e5l.<\/p>\n<p>&#8211; Fremme kunnskap om forfedre og slektsgransking.<\/p>\n<p>&#8211; Utgi \u00e5rsskrift<\/p>\n<p>&#8211; V\u00e6re medlem av Hordaland Sogelag og Landslaget for lokalhistorie<\/p>\n<p><strong>\u00a7 3. MEDLEMSKAP<\/strong><\/p>\n<p>Medlemmer i laget er alle som har betalt kontingent f\u00f8r \u00e5rsm\u00f8tet og innen den frist som\u00a0fastsettes av styret. Medlemskapet gjelder for kalender\u00e5ret. \u00c5rsm\u00f8tet vedtar kontingenten.<\/p>\n<p>Laget har to medlemskategorier:<\/p>\n<p>-Individuelt medlemskap \u2013 personer med interesse for gamle Fanas historie.<\/p>\n<p>-Kollektivt medlemskap \u2013 lag og organisasjoner som h\u00f8rer hjemme i \u00abgamle Fana\u00bb og som\u00a0har samsvarende form\u00e5l med Fana Historielag. Hver organisasjon teller som ett medlem.<\/p>\n<p>Alle medlemmer f\u00e5r et gratis eksemplar av lagets \u00e5rsskrift, forutsatt at de har betalt\u00a0kontingent for det \u00e5ret \u00e5rsskriftet kommer ut.<\/p>\n<p><strong>\u00a74. ORGANISASJON<\/strong><\/p>\n<p>Lagets faste organer er:<\/p>\n<ul>\n<li>\u00c5rsm\u00f8te<\/li>\n<li>Skriftnemd<\/li>\n<li>Valgkomit\u00e9<\/li>\n<\/ul>\n<p><strong>5. \u00c5RSM\u00d8TET<\/strong><\/p>\n<p>\u00c5rsm\u00f8tet er lagets \u00f8verste<span style=\"font-size: 12pt;\"> myndig<\/span>het. Ordin\u00e6rt \u00e5rsm\u00f8te holdes hvert \u00e5r innen utgangen av\u00a0mars. Innkalling skal skje skriftlig til lagets medlemmer med minst 4 ukers varsel.<\/p>\n<p>Innkallingen skal inneholde dagsorden, revidert regnskap, \u00e5rsmelding fra styret og sted for m\u00f8tet<\/p>\n<p>Forslag som \u00f8nskes behandlet p\u00e5 \u00e5rsm\u00f8tet skal v\u00e6re skriftlig, signert og sendt eller levert til\u00a0styret senest 2 uker f\u00f8r \u00e5rsm\u00f8tet.<\/p>\n<p>Saker som skal behandles av \u00e5rsm\u00f8tet:<\/p>\n<ul>\n<li>Valg av ordstyrer<\/li>\n<li>Godkjenning av innkalling<\/li>\n<li>Valg av referent<\/li>\n<li>Valg av 2 medlemmer til \u00e5 underskrive m\u00f8teprotokoll<\/li>\n<li>\u00c5rsmelding<\/li>\n<li>Revidert \u00e5rsregnskap for laget<\/li>\n<li>Revidert \u00e5rsregnskap for \u00e5rsskriftet<\/li>\n<li>Kontingent<\/li>\n<li>Budsjett<\/li>\n<li>Innkomne saker<\/li>\n<li>Valg av leder, 4 medlemmer og 2 varamedlemmer til styret.<\/li>\n<li>Valg av redakt\u00f8r og 3 medlemmer til skriftnemda.<\/li>\n<li>Valg av leder og 2 medlemmer til valgkomit\u00e9<\/li>\n<li>Valg av revisor<\/li>\n<\/ul>\n<p>Styrets leder og varamedlemmer er p\u00e5 valg hvert \u00e5r. Styrets \u00f8vrige medlemmer, valgkomite,\u00a0revisor og skriftnemd velges for to \u00e5r.<\/p>\n<p>Avgj\u00f8relser i ordin\u00e6re saker skjer ved simpelt flertall. Vedtektsendringer og andre endringer\u00a0av stor betydning, eller som inneb\u00e6rer stor \u00f8konomisk risiko, krever 2\/3 av de avgitte\u00a0stemmer.<\/p>\n<p>Ekstraordin\u00e6rt \u00e5rsm\u00f8te innkalles etter vedtak i styret eller etter forlangende fra minst 25%\u00a0av medlemmene. Ekstraordin\u00e6rt \u00e5rsm\u00f8te skal innkalles senest 4 uker etter at \u00f8nsket er\u00a0fremsatt og med minst 2 ukers varsel.<\/p>\n<p><strong>\u00a76. STYRET<\/strong><\/p>\n<p>Styret konstituerer seg selv etter \u00e5rsm\u00f8tet. Styret er lagets \u00f8verste organ mellom hvert\u00a0\u00e5rsm\u00f8te.<\/p>\n<p>Styret skal ivareta lagets interesser og v\u00e6re den koordinerende instans for all utadrettet\u00a0virksomhet og representasjon p\u00e5 vegne av laget. Styret skal f\u00f8re og arkivere m\u00f8teprotokoll\u00a0for styrem\u00f8tene.<\/p>\n<p>Styret kan opprette arbeidsgrupper. Arbeidet skal v\u00e6re i samsvar med vedtektene og med\u00a0vedtak fattet av styret og \u00e5rsm\u00f8tet. Resultatene skal fremst\u00e5 som resultat av et lagsarbeid.<\/p>\n<p><strong>\u00a77. REDAKSJON FOR \u00c5RSSKRIFTET (SKRIFTNEMD)<\/strong><\/p>\n<p>Redaksjonen er underlagt lagets vedtekter, \u00e5rsm\u00f8tet og styret, og skal rapportere til styrets\u00a0leder. Redaksjonen skal f\u00f8re eget regnskap.<\/p>\n<p><strong>\u00a78. \u00d8KONOMI<\/strong><\/p>\n<p>Regnskap skal f\u00f8res for hvert kalender\u00e5r og legges fram for \u00e5rsm\u00f8tet i revidert stand.<\/p>\n<p>Lagets formue skal plasseres som innskudd i bank, og leder og kasserer skal ha disposisjonsrett til kontoen hver for seg.<\/p>\n<p>Lagets tillitsvalgte har ikke lov til \u00e5 stifte gjeld i lagets navn, utover ordin\u00e6re sm\u00e5-kj\u00f8p p\u00e5\u00a0kreditt som er forh\u00e5ndsgodkjent av styret.<\/p>\n<p>Tillitsvalgte kan s\u00f8ke styret om dekning av utgifter de har hatt i forbindelse med arbeid for laget<\/p>\n<p><strong>\u00a79. OPPL\u00d8SNING<\/strong><\/p>\n<p>Oppl\u00f8sing av laget kan kun vedtas av ordin\u00e6rt eller ekstraordin\u00e6rt \u00e5rsm\u00f8te, og krever 2\/3\u00a0flertall av de avgitte stemmer. Antall avgitte stemmer m\u00e5 til sammen utgj\u00f8re minst 25% av\u00a0antall medlemmer for at m\u00f8tet skal kunne gj\u00f8re gyldig vedtak.<\/p>\n<p>Dersom oppl\u00f8sing av laget blir vedtatt, skal m\u00f8tet velge et avviklingsstyre som skal s\u00f8rge for\u00a0at avviklingen skjer p\u00e5 en rettferdig og ordentlig m\u00e5te, og slik at lagets form\u00e5l fremmes best\u00a0mulig.<\/p>\n<p>Lagets arkiv og andre aktiva skal overdras til Bergen Byarkiv.<\/p>\n<p>Lagets pengebeholdning, etter at man har fors\u00f8kt \u00e5 f\u00e5 alle\u00a0fordringer innbetalt til laget, og etter at all gjeld er dekket, skal overdras til den instans som\u00a0man finner er den beste til \u00e5 f\u00f8re lagets virksomhet videre. Blir man ikke enige om en slik\u00a0instans skal pengemidlene overdras til Bergen Byarkiv ledsaget av et \u00f8nske om hva man\u00a0gjerne ser at pengene blir brukt til.<\/p>\n<p><em>Vedtatt p\u00e5 \u00e5rsm\u00f8tet 5. mars 2013<\/em><\/p>\n","protected":false},"excerpt":{"rendered":"<p>Vedtekter for Fana Historielag &#8211;\u00a0Org.nr. 976 358 929<\/p>\n","protected":false},"author":1,"featured_media":0,"parent":0,"menu_order":0,"comment_status":"closed","ping_status":"closed","template":"page-templates\/full-width.php","meta":{"_acf_changed":false,"footnotes":""},"class_list":["post-354","page","type-page","status-publish","hentry"],"acf":[],"jetpack_sharing_enabled":true,"_links":{"self":[{"href":"http:\/\/fanahistorielag.no\/wordpress\/index.php?rest_route=\/wp\/v2\/pages\/354","targetHints":{"allow":["GET"]}}],"collection":[{"href":"http:\/\/fanahistorielag.no\/wordpress\/index.php?rest_route=\/wp\/v2\/pages"}],"about":[{"href":"http:\/\/fanahistorielag.no\/wordpress\/index.php?rest_route=\/wp\/v2\/types\/page"}],"author":[{"embeddable":true,"href":"http:\/\/fanahistorielag.no\/wordpress\/index.php?rest_route=\/wp\/v2\/users\/1"}],"replies":[{"embeddable":true,"href":"http:\/\/fanahistorielag.no\/wordpress\/index.php?rest_route=%2Fwp%2Fv2%2Fcomments&post=354"}],"version-history":[{"count":4,"href":"http:\/\/fanahistorielag.no\/wordpress\/index.php?rest_route=\/wp\/v2\/pages\/354\/revisions"}],"predecessor-version":[{"id":360,"href":"http:\/\/fanahistorielag.no\/wordpress\/index.php?rest_route=\/wp\/v2\/pages\/354\/revisions\/360"}],"wp:attachment":[{"href":"http:\/\/fanahistorielag.no\/wordpress\/index.php?rest_route=%2Fwp%2Fv2%2Fmedia&parent=354"}],"curies":[{"name":"wp","href":"https:\/\/api.w.org\/{rel}","templated":true}]}}